{"id":182,"date":"2024-04-25T11:32:16","date_gmt":"2024-04-25T08:32:16","guid":{"rendered":"http:\/\/bauagizvedissagligimerkezi.com\/iletisim\/"},"modified":"2024-04-25T13:38:46","modified_gmt":"2024-04-25T10:38:46","slug":"contact-us","status":"publish","type":"page","link":"https:\/\/bauagizvedissagligimerkezi.com\/en\/contact-us\/","title":{"rendered":"Contact Us"},"content":{"rendered":"\n<p>Gayrettepe Mahallesi, Barbaros Bulvar\u0131, No:153 Be\u015fikta\u015f\/\u0130stanbul<\/p>\n\n\n\n<p><strong>Phone Number:<\/strong> \u00a0444 28 64<\/p>\n\n\n<p><iframe loading=\"lazy\" style=\"border: 0;\" src=\"https:\/\/www.google.com\/maps\/embed?pb=!1m18!1m12!1m3!1d679.0844479202564!2d29.01013050436532!3d41.0606424451497!2m3!1f0!2f0!3f0!3m2!1i1024!2i768!4f13.1!3m3!1m2!1s0x14cab6529f604f61%3A0xe29c3deba658e3d7!2sGayrettepe%2C%20Barbaros%20Blv.%20No%3A153%2C%2034349%20Be%C5%9Fikta%C5%9F%2F%C4%B0stanbul!5e0!3m2!1str!2str!4v1664277871328!5m2!1str!2str\" width=\"100%\" height=\"350px\" allowfullscreen=\"allowfullscreen\"><\/iframe><\/p>","protected":false},"excerpt":{"rendered":"<p>Gayrettepe Mahallesi, Barbaros Bulvar\u0131, No:153 Be\u015fikta\u015f\/\u0130stanbul Phone Number: \u00a0444 28 64<\/p>\n","protected":false},"author":1,"featured_media":0,"parent":0,"menu_order":0,"comment_status":"closed","ping_status":"closed","template":"page-templates\/page-contact-us.php","meta":{"footnotes":""},"class_list":["post-182","page","type-page","status-publish","hentry"],"_links":{"self":[{"href":"https:\/\/bauagizvedissagligimerkezi.com\/en\/wp-json\/wp\/v2\/pages\/182","targetHints":{"allow":["GET"]}}],"collection":[{"href":"https:\/\/bauagizvedissagligimerkezi.com\/en\/wp-json\/wp\/v2\/pages"}],"about":[{"href":"https:\/\/bauagizvedissagligimerkezi.com\/en\/wp-json\/wp\/v2\/types\/page"}],"author":[{"embeddable":true,"href":"https:\/\/bauagizvedissagligimerkezi.com\/en\/wp-json\/wp\/v2\/users\/1"}],"replies":[{"embeddable":true,"href":"https:\/\/bauagizvedissagligimerkezi.com\/en\/wp-json\/wp\/v2\/comments?post=182"}],"version-history":[{"count":1,"href":"https:\/\/bauagizvedissagligimerkezi.com\/en\/wp-json\/wp\/v2\/pages\/182\/revisions"}],"predecessor-version":[{"id":183,"href":"https:\/\/bauagizvedissagligimerkezi.com\/en\/wp-json\/wp\/v2\/pages\/182\/revisions\/183"}],"wp:attachment":[{"href":"https:\/\/bauagizvedissagligimerkezi.com\/en\/wp-json\/wp\/v2\/media?parent=182"}],"curies":[{"name":"wp","href":"https:\/\/api.w.org\/{rel}","templated":true}]}}